{"id":18,"date":"2019-05-27T03:24:13","date_gmt":"2019-05-27T03:24:13","guid":{"rendered":"http:\/\/bdevs.net\/theme\/medidove\/?page_id=18"},"modified":"2022-05-28T16:40:08","modified_gmt":"2022-05-28T16:40:08","slug":"iletisim","status":"publish","type":"page","link":"https:\/\/maksident.com\/en\/iletisim\/","title":{"rendered":"\u0130leti\u015fim"},"content":{"rendered":"\t\t<div data-elementor-type=\"wp-post\" data-elementor-id=\"18\" class=\"elementor elementor-18\">\n\t\t\t\t\t\t\t\t\t<section class=\"elementor-section elementor-top-section elementor-element elementor-element-39dbb0f elementor-section-full_width elementor-section-height-default elementor-section-height-default\" data-id=\"39dbb0f\" data-element_type=\"section\">\n\t\t\t\t\t\t<div class=\"elementor-container elementor-column-gap-default\">\n\t\t\t\t\t<div class=\"elementor-column elementor-col-33 elementor-top-column elementor-element elementor-element-99ba5d8\" data-id=\"99ba5d8\" data-element_type=\"column\">\n\t\t\t<div class=\"elementor-widget-wrap elementor-element-populated\">\n\t\t\t\t\t\t\t\t<div class=\"elementor-element elementor-element-e4ed1fd elementor-widget elementor-widget-html\" data-id=\"e4ed1fd\" data-element_type=\"widget\" data-widget_type=\"html.default\">\n\t\t\t\t<div class=\"elementor-widget-container\">\n\t\t\t<div class=\"contact text-center mb-30\">\n <a href=\"mailto:bilgi@maksident.com\"><i class=\"fas fa-envelope\"><\/i><\/a>\n  <h3>E - Mail<\/h3>\n<p>\n<a href=\"mailto:bilgi@maksident.com\"> bilgi@maksident.com <\/a><\/p> <br>\n<\/div>\t\t<\/div>\n\t\t\t\t<\/div>\n\t\t\t\t\t<\/div>\n\t\t<\/div>\n\t\t\t\t<div class=\"elementor-column elementor-col-33 elementor-top-column elementor-element elementor-element-3bc7773\" data-id=\"3bc7773\" data-element_type=\"column\">\n\t\t\t<div class=\"elementor-widget-wrap elementor-element-populated\">\n\t\t\t\t\t\t\t\t<div class=\"elementor-element elementor-element-5f2bc57 elementor-widget elementor-widget-html\" data-id=\"5f2bc57\" data-element_type=\"widget\" data-widget_type=\"html.default\">\n\t\t\t\t<div class=\"elementor-widget-container\">\n\t\t\t<div class=\"contact text-center mb-30\"> <a href=\"https:\/\/www.google.com\/maps\/place\/Maksident+A\u011f\u0131z+ve+Di\u015f+Sa\u011fl\u0131\u011f\u0131+Poliklini\u011fi\/@41.0314636,29.2289795,15z\/data=!4m5!3m4!1s0x0:0xf87a93658ce9fe58!8m2!3d41.0314636!4d29.2289795\">\n<i class=\"fas fa-map-marker-alt\"><\/i> <\/a>\n<h3>Adress<\/h3>\n<p><a href=\"https:\/\/www.google.com\/maps\/place\/Maksident+A\u011f\u0131z+ve+Di\u015f+Sa\u011fl\u0131\u011f\u0131+Poliklini\u011fi\/@41.0314636,29.2289795,15z\/data=!4m5!3m4!1s0x0:0xf87a93658ce9fe58!8m2!3d41.0314636!4d29.2289795\">Ta\u015fdelen Mh. Turgut \u00d6zal Cd. No: 139\/1 K:1 \u00c7ekmek\u00f6y\/\u0130STANBUL<\/a><\/p>\n          <\/div>\t\t<\/div>\n\t\t\t\t<\/div>\n\t\t\t\t\t<\/div>\n\t\t<\/div>\n\t\t\t\t<div class=\"elementor-column elementor-col-33 elementor-top-column elementor-element elementor-element-dbdf46f\" data-id=\"dbdf46f\" data-element_type=\"column\">\n\t\t\t<div class=\"elementor-widget-wrap elementor-element-populated\">\n\t\t\t\t\t\t\t\t<div class=\"elementor-element elementor-element-95837ae elementor-widget elementor-widget-html\" data-id=\"95837ae\" data-element_type=\"widget\" data-widget_type=\"html.default\">\n\t\t\t\t<div class=\"elementor-widget-container\">\n\t\t\t<div class=\"contact text-center mb-30\"><a href=\"tel:+90 216 484 64 63\">\n <i class=\"fas fa-phone\"><\/i><\/a>\n   <h3>Phone<\/h3>\n<p><a href=\"tel:+90 216 484 64 63\">+90 216 484 64 63 <\/a><br>\n<a href=\"tel:+90 507 848 76 48\">+90 507 848 76 48<\/a><\/p>\n\t\t\t\t\t\t\t\t\n                        <\/div>\t\t<\/div>\n\t\t\t\t<\/div>\n\t\t\t\t\t<\/div>\n\t\t<\/div>\n\t\t\t\t\t\t\t<\/div>\n\t\t<\/section>\n\t\t\t\t<section class=\"elementor-section elementor-top-section elementor-element elementor-element-03af5f6 elementor-section-full_width elementor-hidden-desktop elementor-hidden-tablet elementor-hidden-mobile elementor-section-height-default elementor-section-height-default\" data-id=\"03af5f6\" data-element_type=\"section\">\n\t\t\t\t\t\t<div class=\"elementor-container elementor-column-gap-no\">\n\t\t\t\t\t<div class=\"elementor-column elementor-col-100 elementor-top-column elementor-element elementor-element-92e40ef\" data-id=\"92e40ef\" data-element_type=\"column\">\n\t\t\t<div class=\"elementor-widget-wrap elementor-element-populated\">\n\t\t\t\t\t\t\t\t<div class=\"elementor-element elementor-element-c883ccb elementor-align-left elementor-widget elementor-widget-bdevs-contact-info\" data-id=\"c883ccb\" data-element_type=\"widget\" data-widget_type=\"bdevs-contact-info.default\">\n\t\t\t\t<div class=\"elementor-widget-container\">\n\t\t\t\n\t   \t<section class=\"contact-area\">\n            <div class=\"container\">\n                <div class=\"row\">\n\t\t\t\t\t                    <div class=\"col-xl-4 col-lg-4 col-md-4\">\n                        <div class=\"contact text-center mb-30\">\n                        \t                            \t<i class=\"fas fa-envelope\"><\/i>\n                        \t\t\n                            \t\t\t\t\t\t\t\t<h3>E - Posta<\/h3>\n\t\t\t\t\t\t\t\t\n\n                            \t\t\t\t\t\t\t\t<p><a href=\"mailto:info@maksident.com\"> info@maksident.com <\/a>\n\n<a href=\"mailto:bilgi@maksident.com\"> bilgi@maksident.com <\/a><\/p>\n\t\t\t\t\t\t\t\t\n                        <\/div>\n                    <\/div>\n                                        <div class=\"col-xl-4 col-lg-4 col-md-4\">\n                        <div class=\"contact text-center mb-30\">\n                        \t                            \t<i class=\"fas fa-map-marker-alt\"><\/i>\n                        \t\t\n                            \t\t\t\t\t\t\t\t<h3>Adres<\/h3>\n\t\t\t\t\t\t\t\t\n\n                            \t\t\t\t\t\t\t\t<p><a href=\"https:\/\/www.google.com\/maps\/dir\/\/Ta\u015fdelen+Mh.+Turgut+\u00d6zal+Cd.+No:+139%2F1+K:1+\u00c7ekmek\u00f6y%2F\u0130STANBUL\/data=!4m6!4m5!1m1!4e2!1m2!1m1!1s0x14cacf41314e1f53:0xd01ebeda0045de88?sa=X&amp;ved=2ahUKEwjQwo3L-fD2AhWsSvEDHemfDs4Q9Rd6BAhsEAQ\">Ta\u015fdelen Mh. Turgut \u00d6zal Cd. No: 139\/1 K:1 \u00c7ekmek\u00f6y\/\u0130STANBUL<\/a><\/p>\n\t\t\t\t\t\t\t\t\n                        <\/div>\n                    <\/div>\n                                        <div class=\"col-xl-4 col-lg-4 col-md-4\">\n                        <div class=\"contact text-center mb-30\">\n                        \t                            \t<i class=\"fas fa-phone\"><\/i>\n                        \t\t\n                            \t\t\t\t\t\t\t\t<h3>Telefon<\/h3>\n\t\t\t\t\t\t\t\t\n\n                            \t\t\t\t\t\t\t\t<p><a href=\"tel:+90 216 484 64 63\">+90 216 484 64 63 <\/a><br>\n<a href=\"tel:+90 507 848 76 48\">+90 507 848 76 48<\/a><\/p>\n\t\t\t\t\t\t\t\t\n                        <\/div>\n                    <\/div>\n                    \t\n                <\/div>\n            <\/div>\n        <\/section>\n        \t\n\t\t\t<\/div>\n\t\t\t\t<\/div>\n\t\t\t\t\t<\/div>\n\t\t<\/div>\n\t\t\t\t\t\t\t<\/div>\n\t\t<\/section>\n\t\t\t\t<section class=\"elementor-section elementor-top-section elementor-element elementor-element-e76ed49 elementor-section-boxed elementor-section-height-default elementor-section-height-default\" data-id=\"e76ed49\" data-element_type=\"section\" data-settings=\"{&quot;background_background&quot;:&quot;classic&quot;}\">\n\t\t\t\t\t\t<div class=\"elementor-container elementor-column-gap-default\">\n\t\t\t\t\t<div class=\"elementor-column elementor-col-100 elementor-top-column elementor-element elementor-element-5b9c9a6\" data-id=\"5b9c9a6\" data-element_type=\"column\">\n\t\t\t<div class=\"elementor-widget-wrap elementor-element-populated\">\n\t\t\t\t\t\t\t\t<div class=\"elementor-element elementor-element-b9c803c elementor-align-center elementor-widget elementor-widget-bdevs-heading\" data-id=\"b9c803c\" data-element_type=\"widget\" data-widget_type=\"bdevs-heading.default\">\n\t\t\t\t<div class=\"elementor-widget-container\">\n\t\t\t            <div class=\"section-title pos-rel tp-el-content\">\n\n            \t\t\n\n                <div class=\"section-text pos-rel\">\n\t\t\t\t\t\t\t\t\t\t<h5 class=\"tp-el-subtitle\">Please fill out the form completely.<\/h5>\n\t\t\t\t\t\t\n\n                    \t\t\t\t\t<h2 class=\"sec-title tp-el-title\">Contact Form<\/h2>\n\t\t\t\t\t\n\t\t\t\t\t\t\t\n                <\/div>\n\t\t\t\t                <div class=\"section-line pos-rel\">\n                    <img decoding=\"async\" src=\"https:\/\/maksident.com\/en\/wp-content\/themes\/medidove\/img\/shape\/section-title-line.png\" alt=\"\">\n                <\/div>\n                \t\n            <\/div>\n        \t\t\n\n\t\t\t<\/div>\n\t\t\t\t<\/div>\n\t\t\t\t\t<\/div>\n\t\t<\/div>\n\t\t\t\t\t\t\t<\/div>\n\t\t<\/section>\n\t\t\t\t<section class=\"elementor-section elementor-top-section elementor-element elementor-element-8ae0d16 elementor-section-full_width elementor-section-height-default elementor-section-height-default\" data-id=\"8ae0d16\" data-element_type=\"section\">\n\t\t\t\t\t\t<div class=\"elementor-container elementor-column-gap-default\">\n\t\t\t\t\t<div class=\"elementor-column elementor-col-100 elementor-top-column elementor-element elementor-element-18800a2\" data-id=\"18800a2\" data-element_type=\"column\">\n\t\t\t<div class=\"elementor-widget-wrap\">\n\t\t\t\t\t\t\t\t\t<\/div>\n\t\t<\/div>\n\t\t\t\t\t\t\t<\/div>\n\t\t<\/section>\n\t\t\t\t<section class=\"elementor-section elementor-top-section elementor-element elementor-element-8d0a493 elementor-section-full_width elementor-section-height-default elementor-section-height-default\" data-id=\"8d0a493\" data-element_type=\"section\">\n\t\t\t\t\t\t<div class=\"elementor-container elementor-column-gap-no\">\n\t\t\t\t\t<div class=\"elementor-column elementor-col-100 elementor-top-column elementor-element elementor-element-b778736\" data-id=\"b778736\" data-element_type=\"column\">\n\t\t\t<div class=\"elementor-widget-wrap elementor-element-populated\">\n\t\t\t\t\t\t\t\t<div class=\"elementor-element elementor-element-a35301f elementor-align-center elementor-widget elementor-widget-bdevs-contact\" data-id=\"a35301f\" data-element_type=\"widget\" data-widget_type=\"bdevs-contact.default\">\n\t\t\t\t<div class=\"elementor-widget-container\">\n\t\t\t\n        <section class=\"contact-form-area\">\n            <div class=\"container\">\n                <div class=\"form-wrapper\">\n                    <div id=\"contact-form\" class=\"contact-form\">\n                    \t<div role=\"form\" class=\"wpcf7\" id=\"wpcf7-f405-o1\" lang=\"en-US\" dir=\"ltr\">\n<div class=\"screen-reader-response\"><p role=\"status\" aria-live=\"polite\" aria-atomic=\"true\"><\/p> <ul><\/ul><\/div>\n<form action=\"\/en\/wp-json\/wp\/v2\/pages\/18#wpcf7-f405-o1\" method=\"post\" class=\"wpcf7-form init\" novalidate=\"novalidate\" data-status=\"init\">\n<div style=\"display: none;\">\n<input type=\"hidden\" name=\"_wpcf7\" value=\"405\" \/>\n<input type=\"hidden\" name=\"_wpcf7_version\" value=\"5.5.6\" \/>\n<input type=\"hidden\" name=\"_wpcf7_locale\" value=\"en_US\" \/>\n<input type=\"hidden\" name=\"_wpcf7_unit_tag\" value=\"wpcf7-f405-o1\" \/>\n<input type=\"hidden\" name=\"_wpcf7_container_post\" value=\"0\" \/>\n<input type=\"hidden\" name=\"_wpcf7_posted_data_hash\" value=\"\" \/>\n<\/div>\n<div class=\"row col-lg-12\">\n<div class=\"col-lg-6\">\n<div class=\"form-box mb-30\">\n            <span class=\"wpcf7-form-control-wrap YourName\"><input type=\"text\" name=\"YourName\" value=\"\" size=\"40\" class=\"wpcf7-form-control wpcf7-text\" aria-invalid=\"false\" placeholder=\"Name\" \/><\/span>\n\t\t<\/div>\n<\/div>\n<div class=\"col-lg-6\">\n<div class=\"form-box  mb-30\">\n\t\t    <span class=\"wpcf7-form-control-wrap YourEmail\"><input type=\"email\" name=\"YourEmail\" value=\"\" size=\"40\" class=\"wpcf7-form-control wpcf7-text wpcf7-email wpcf7-validates-as-email\" aria-invalid=\"false\" placeholder=\"E-mail\" \/><\/span>\n\t\t<\/div>\n<\/div>\n<div class=\"col-lg-6\">\n<div class=\"form-box  mb-30\">\n\t\t    <span class=\"wpcf7-form-control-wrap YourPhone\"><input type=\"text\" name=\"YourPhone\" value=\"\" size=\"40\" class=\"wpcf7-form-control wpcf7-text\" aria-invalid=\"false\" placeholder=\"Phone\" \/><\/span>\n\t\t<\/div>\n<\/div>\n<div class=\"col-lg-6\">\n<div class=\"form-box  mb-30\">\n\t\t   <span class=\"wpcf7-form-control-wrap YourSubject\"><input type=\"text\" name=\"YourSubject\" value=\"\" size=\"40\" class=\"wpcf7-form-control wpcf7-text\" aria-invalid=\"false\" placeholder=\"Subject\" \/><\/span>\n\t\t<\/div>\n<\/div>\n<div class=\"col-lg-12\">\n<div class=\"form-box  mb-30\">\n\t\t   <span class=\"wpcf7-form-control-wrap YourMessage\"><textarea name=\"YourMessage\" cols=\"40\" rows=\"10\" class=\"wpcf7-form-control wpcf7-textarea\" aria-invalid=\"false\" placeholder=\"Message\"><\/textarea><\/span>\n\t\t<\/div>\n<div class=\"contact-btn text-center\">\n                    <input type=\"submit\" value=\"Send\" class=\"wpcf7-form-control has-spinner wpcf7-submit btn btn-icon ml-0\" \/>\n\t\t<\/div>\n<\/div>\n<\/div>\n<div class=\"wpcf7-response-output\" aria-hidden=\"true\"><\/div><\/form><\/div>                    <\/div>\n                <\/div>\n            <\/div>\n        <\/section>\n        \t\n\t\t\t<\/div>\n\t\t\t\t<\/div>\n\t\t\t\t\t<\/div>\n\t\t<\/div>\n\t\t\t\t\t\t\t<\/div>\n\t\t<\/section>\n\t\t\t\t<section class=\"elementor-section elementor-top-section elementor-element elementor-element-ce95ed5 elementor-section-full_width elementor-section-height-default elementor-section-height-default\" data-id=\"ce95ed5\" data-element_type=\"section\">\n\t\t\t\t\t\t<div class=\"elementor-container elementor-column-gap-no\">\n\t\t\t\t\t<div class=\"elementor-column elementor-col-100 elementor-top-column elementor-element elementor-element-3565285\" data-id=\"3565285\" data-element_type=\"column\">\n\t\t\t<div class=\"elementor-widget-wrap elementor-element-populated\">\n\t\t\t\t\t\t\t\t<div class=\"elementor-element elementor-element-52202aa elementor-widget elementor-widget-google_maps\" data-id=\"52202aa\" data-element_type=\"widget\" data-widget_type=\"google_maps.default\">\n\t\t\t\t<div class=\"elementor-widget-container\">\n\t\t\t<style>\/*! elementor - v3.6.1 - 23-03-2022 *\/\n.elementor-widget-google_maps .elementor-widget-container{overflow:hidden}.elementor-widget-google_maps iframe{height:300px}<\/style>\t\t<div class=\"elementor-custom-embed\">\n\t\t\t<iframe frameborder=\"0\" scrolling=\"no\" marginheight=\"0\" marginwidth=\"0\"\n\t\t\t\t\tsrc=\"https:\/\/maps.google.com\/maps?q=Ta%C5%9Fdelen%20Mahallesi%2CTurgut%20%C3%96zal%20Caddesi%2C%20%C3%87ekmek%C3%B6y%2C%20%C4%B0stanbul&#038;t=m&#038;z=10&#038;output=embed&#038;iwloc=near\"\n\t\t\t\t\ttitle=\"Ta\u015fdelen Mahallesi,Turgut \u00d6zal Caddesi, \u00c7ekmek\u00f6y, \u0130stanbul\"\n\t\t\t\t\taria-label=\"Ta\u015fdelen Mahallesi,Turgut \u00d6zal Caddesi, \u00c7ekmek\u00f6y, \u0130stanbul\"\n\t\t\t><\/iframe>\n\t\t<\/div>\n\t\t\t\t<\/div>\n\t\t\t\t<\/div>\n\t\t\t\t\t<\/div>\n\t\t<\/div>\n\t\t\t\t\t\t\t<\/div>\n\t\t<\/section>\n\t\t\t\t\t\t\t<\/div>\n\t\t","protected":false},"excerpt":{"rendered":"<p>E &#8211; Mail bilgi@maksident.com Adress Ta\u015fdelen Mh. Turgut \u00d6zal Cd. No: 139\/1 K:1 \u00c7ekmek\u00f6y\/\u0130STANBUL Phone +90 216 484 64 63 +90 507 848 76 48 E &#8211; Posta info@maksident.com bilgi@maksident.com Adres Ta\u015fdelen Mh. Turgut \u00d6zal Cd. No: 139\/1 K:1 \u00c7ekmek\u00f6y\/\u0130STANBUL Telefon +90 216 484 64 63 +90 507 848 76 48 Please fill out the [&hellip;]<\/p>\n","protected":false},"author":1,"featured_media":0,"parent":0,"menu_order":0,"comment_status":"closed","ping_status":"closed","template":"elementor_header_footer","meta":{"spay_email":"","footnotes":""},"class_list":["post-18","page","type-page","status-publish","hentry"],"acf":[],"_links":{"self":[{"href":"https:\/\/maksident.com\/en\/wp-json\/wp\/v2\/pages\/18","targetHints":{"allow":["GET"]}}],"collection":[{"href":"https:\/\/maksident.com\/en\/wp-json\/wp\/v2\/pages"}],"about":[{"href":"https:\/\/maksident.com\/en\/wp-json\/wp\/v2\/types\/page"}],"author":[{"embeddable":true,"href":"https:\/\/maksident.com\/en\/wp-json\/wp\/v2\/users\/1"}],"replies":[{"embeddable":true,"href":"https:\/\/maksident.com\/en\/wp-json\/wp\/v2\/comments?post=18"}],"version-history":[{"count":40,"href":"https:\/\/maksident.com\/en\/wp-json\/wp\/v2\/pages\/18\/revisions"}],"predecessor-version":[{"id":3196,"href":"https:\/\/maksident.com\/en\/wp-json\/wp\/v2\/pages\/18\/revisions\/3196"}],"wp:attachment":[{"href":"https:\/\/maksident.com\/en\/wp-json\/wp\/v2\/media?parent=18"}],"curies":[{"name":"wp","href":"https:\/\/api.w.org\/{rel}","templated":true}]}}