{"id":2929,"date":"2022-04-05T19:50:13","date_gmt":"2022-04-05T19:50:13","guid":{"rendered":"https:\/\/maksident.com\/en\/?page_id=2929"},"modified":"2022-04-05T19:50:41","modified_gmt":"2022-04-05T19:50:41","slug":"haberler-2","status":"publish","type":"page","link":"https:\/\/maksident.com\/en\/haberler-2\/","title":{"rendered":"haberler"},"content":{"rendered":"\t\t<div data-elementor-type=\"wp-page\" data-elementor-id=\"2929\" class=\"elementor elementor-2929\">\n\t\t\t\t\t\t\t\t\t<section class=\"elementor-section elementor-top-section elementor-element elementor-element-52e1cce elementor-section-full_width elementor-section-height-default elementor-section-height-default\" data-id=\"52e1cce\" data-element_type=\"section\">\n\t\t\t\t\t\t<div class=\"elementor-container elementor-column-gap-default\">\n\t\t\t\t\t<div class=\"elementor-column elementor-col-100 elementor-top-column elementor-element elementor-element-18a4360\" data-id=\"18a4360\" data-element_type=\"column\">\n\t\t\t<div class=\"elementor-widget-wrap elementor-element-populated\">\n\t\t\t\t\t\t\t\t<div class=\"elementor-element elementor-element-1273b38 elementor-align-left elementor-widget elementor-widget-bdevs-blog-post\" data-id=\"1273b38\" data-element_type=\"widget\" data-widget_type=\"bdevs-blog-post.default\">\n\t\t\t\t<div class=\"elementor-widget-container\">\n\t\t\t\n        <section class=\"latest-news-area\">\n            <div class=\"container\">\n                <div class=\"row\">\n\n                \t\t\t                    <div class=\"col-xl-4 col-lg-6 col-md-6\">\n\t\t                        <div class=\"latest-news-box mb-30\">\n\t\t                            <div class=\"latest-news-thumb mb-30\">\n\t\t                                <img loading=\"lazy\" decoding=\"async\" width=\"370\" height=\"247\" src=\"https:\/\/maksident.com\/en\/wp-content\/uploads\/2022\/03\/porselen-zirkonyum2-min-scaled.jpg\" class=\"attachment-370x270 size-370x270 wp-post-image\" alt=\"\" srcset=\"https:\/\/maksident.com\/en\/wp-content\/uploads\/2022\/03\/porselen-zirkonyum2-min-scaled.jpg 2560w, https:\/\/maksident.com\/en\/wp-content\/uploads\/2022\/03\/porselen-zirkonyum2-min-300x200.jpg 300w, https:\/\/maksident.com\/en\/wp-content\/uploads\/2022\/03\/porselen-zirkonyum2-min-1024x683.jpg 1024w, https:\/\/maksident.com\/en\/wp-content\/uploads\/2022\/03\/porselen-zirkonyum2-min-768x512.jpg 768w, https:\/\/maksident.com\/en\/wp-content\/uploads\/2022\/03\/porselen-zirkonyum2-min-1536x1024.jpg 1536w, https:\/\/maksident.com\/en\/wp-content\/uploads\/2022\/03\/porselen-zirkonyum2-min-2048x1365.jpg 2048w, https:\/\/maksident.com\/en\/wp-content\/uploads\/2022\/03\/porselen-zirkonyum2-min-500x333.jpg 500w, https:\/\/maksident.com\/en\/wp-content\/uploads\/2022\/03\/porselen-zirkonyum2-min-600x400.jpg 600w\" sizes=\"auto, (max-width: 370px) 100vw, 370px\" \/>\t\t                            <\/div>\n\t\t                            <div class=\"latest-news-content\">\n\t\t\t\t\t\t\t            <div class=\"news-meta mb-15\">\n\t\t\t\t\t\t\t                <span>\n\t\t\t\t\t\t\t                    <a href=\"https:\/\/maksident.com\/en\/author\/maksident\/\">\n\t\t\t\t\t\t\t                        <i class=\"far fa-user\"><\/i> maksident\t\t\t\t\t\t\t                    <\/a>\n\t\t\t\t\t\t\t                <\/span>\n\t\t\t\t\t\t\t                <span><i class=\"far fa-calendar-check\"><\/i> Mart 30, 2022 <\/span>\n\t\t\t\t\t\t\t            <\/div>\n\t\t                                <h3><a href=\"https:\/\/maksident.com\/en\/zirkonyum-kaplama-nedir\/\">Zirkonyum Kaplama Nedir?<\/a><\/h3>\n\t\t                                <p>Porselen Zirkonyum Porselen zirkonyum di\u015f kaplama, di\u015f beyazlatma ya da di\u015f restorasyonu gibi ama\u00e7larla kullan\u0131lan, olduk\u00e7a dayan\u0131kl\u0131 ve estetik bir di\u015f kaplama t\u00fcr\u00fcd\u00fcr. Zirkonyum<\/p>\n\t\t                            <\/div>\n\t\t                        <\/div>\n\t\t                    <\/div>\n\t                    \t\t                    <div class=\"col-xl-4 col-lg-6 col-md-6\">\n\t\t                        <div class=\"latest-news-box mb-30\">\n\t\t                            <div class=\"latest-news-thumb mb-30\">\n\t\t                                <img loading=\"lazy\" decoding=\"async\" width=\"370\" height=\"247\" src=\"https:\/\/maksident.com\/en\/wp-content\/uploads\/2022\/03\/endodonti2-min-scaled.jpeg\" class=\"attachment-370x270 size-370x270 wp-post-image\" alt=\"\" srcset=\"https:\/\/maksident.com\/en\/wp-content\/uploads\/2022\/03\/endodonti2-min-scaled.jpeg 2560w, https:\/\/maksident.com\/en\/wp-content\/uploads\/2022\/03\/endodonti2-min-300x200.jpeg 300w, https:\/\/maksident.com\/en\/wp-content\/uploads\/2022\/03\/endodonti2-min-1024x683.jpeg 1024w, https:\/\/maksident.com\/en\/wp-content\/uploads\/2022\/03\/endodonti2-min-768x512.jpeg 768w, https:\/\/maksident.com\/en\/wp-content\/uploads\/2022\/03\/endodonti2-min-1536x1024.jpeg 1536w, https:\/\/maksident.com\/en\/wp-content\/uploads\/2022\/03\/endodonti2-min-2048x1365.jpeg 2048w, https:\/\/maksident.com\/en\/wp-content\/uploads\/2022\/03\/endodonti2-min-500x333.jpeg 500w, https:\/\/maksident.com\/en\/wp-content\/uploads\/2022\/03\/endodonti2-min-600x400.jpeg 600w\" sizes=\"auto, (max-width: 370px) 100vw, 370px\" \/>\t\t                            <\/div>\n\t\t                            <div class=\"latest-news-content\">\n\t\t\t\t\t\t\t            <div class=\"news-meta mb-15\">\n\t\t\t\t\t\t\t                <span>\n\t\t\t\t\t\t\t                    <a href=\"https:\/\/maksident.com\/en\/author\/maksident\/\">\n\t\t\t\t\t\t\t                        <i class=\"far fa-user\"><\/i> maksident\t\t\t\t\t\t\t                    <\/a>\n\t\t\t\t\t\t\t                <\/span>\n\t\t\t\t\t\t\t                <span><i class=\"far fa-calendar-check\"><\/i> Mart 30, 2022 <\/span>\n\t\t\t\t\t\t\t            <\/div>\n\t\t                                <h3><a href=\"https:\/\/maksident.com\/en\/endodonti-nedir\/\">Endodonti Nedir?<\/a><\/h3>\n\t\t                                <p>Endodonti, di\u015f hekimli\u011finin ana bilim dallar\u0131ndan biridir. Di\u015f pulpas\u0131 hastal\u0131klar\u0131n\u0131n te\u015fhisi, tedavisi ve \u00f6nlenmesi ile ilgilenen bir bilim dal\u0131d\u0131r. Di\u015f pulpas\u0131 ya da di\u015f<\/p>\n\t\t                            <\/div>\n\t\t                        <\/div>\n\t\t                    <\/div>\n\t                    \t\t                    <div class=\"col-xl-4 col-lg-6 col-md-6\">\n\t\t                        <div class=\"latest-news-box mb-30\">\n\t\t                            <div class=\"latest-news-thumb mb-30\">\n\t\t                                <img loading=\"lazy\" decoding=\"async\" width=\"370\" height=\"247\" src=\"https:\/\/maksident.com\/en\/wp-content\/uploads\/2022\/03\/estetik-dolgu4-min.jpg\" class=\"attachment-370x270 size-370x270 wp-post-image\" alt=\"\" srcset=\"https:\/\/maksident.com\/en\/wp-content\/uploads\/2022\/03\/estetik-dolgu4-min.jpg 1000w, https:\/\/maksident.com\/en\/wp-content\/uploads\/2022\/03\/estetik-dolgu4-min-300x200.jpg 300w, https:\/\/maksident.com\/en\/wp-content\/uploads\/2022\/03\/estetik-dolgu4-min-768x512.jpg 768w, https:\/\/maksident.com\/en\/wp-content\/uploads\/2022\/03\/estetik-dolgu4-min-500x334.jpg 500w, https:\/\/maksident.com\/en\/wp-content\/uploads\/2022\/03\/estetik-dolgu4-min-600x400.jpg 600w\" sizes=\"auto, (max-width: 370px) 100vw, 370px\" \/>\t\t                            <\/div>\n\t\t                            <div class=\"latest-news-content\">\n\t\t\t\t\t\t\t            <div class=\"news-meta mb-15\">\n\t\t\t\t\t\t\t                <span>\n\t\t\t\t\t\t\t                    <a href=\"https:\/\/maksident.com\/en\/author\/maksident\/\">\n\t\t\t\t\t\t\t                        <i class=\"far fa-user\"><\/i> maksident\t\t\t\t\t\t\t                    <\/a>\n\t\t\t\t\t\t\t                <\/span>\n\t\t\t\t\t\t\t                <span><i class=\"far fa-calendar-check\"><\/i> Mart 30, 2022 <\/span>\n\t\t\t\t\t\t\t            <\/div>\n\t\t                                <h3><a href=\"https:\/\/maksident.com\/en\/estetik-dolgu-hangi-durumda-uygulanir\/\">Estetik Dolgu Hangi Durumda Uygulan\u0131r?<\/a><\/h3>\n\t\t                                <p>\u25cf \u00c7\u00fcr\u00fck ve k\u0131r\u0131k di\u015f restorasyonu \u25cf Kal\u0131c\u0131 renk bozukluklar\u0131 \u25cf Di\u015f bo\u015fluklar\u0131n\u0131 doldurma \u25cf Di\u015f boyu uzatma Estetik Dolgu Hakk\u0131nda Bilinmesi Gerekenler \u25cf<\/p>\n\t\t                            <\/div>\n\t\t                        <\/div>\n\t\t                    <\/div>\n\t                                    <\/div>\n            <\/div>\n        <\/section>\n\t\t\t\t\t<\/div>\n\t\t\t\t<\/div>\n\t\t\t\t\t<\/div>\n\t\t<\/div>\n\t\t\t\t\t\t\t<\/div>\n\t\t<\/section>\n\t\t\t\t\t\t\t<\/div>\n\t\t","protected":false},"excerpt":{"rendered":"<p>onikion Mart 30, 2022 Zirkonyum Kaplama Nedir? Porselen Zirkonyum Porselen zirkonyum di\u015f kaplama, di\u015f beyazlatma ya da di\u015f restorasyonu gibi ama\u00e7larla kullan\u0131lan, olduk\u00e7a dayan\u0131kl\u0131 ve estetik bir di\u015f kaplama t\u00fcr\u00fcd\u00fcr. Zirkonyum<\/p>\n","protected":false},"author":1,"featured_media":0,"parent":0,"menu_order":0,"comment_status":"closed","ping_status":"closed","template":"","meta":{"spay_email":"","footnotes":""},"class_list":["post-2929","page","type-page","status-publish","hentry"],"acf":[],"_links":{"self":[{"href":"https:\/\/maksident.com\/en\/wp-json\/wp\/v2\/pages\/2929","targetHints":{"allow":["GET"]}}],"collection":[{"href":"https:\/\/maksident.com\/en\/wp-json\/wp\/v2\/pages"}],"about":[{"href":"https:\/\/maksident.com\/en\/wp-json\/wp\/v2\/types\/page"}],"author":[{"embeddable":true,"href":"https:\/\/maksident.com\/en\/wp-json\/wp\/v2\/users\/1"}],"replies":[{"embeddable":true,"href":"https:\/\/maksident.com\/en\/wp-json\/wp\/v2\/comments?post=2929"}],"version-history":[{"count":4,"href":"https:\/\/maksident.com\/en\/wp-json\/wp\/v2\/pages\/2929\/revisions"}],"predecessor-version":[{"id":2933,"href":"https:\/\/maksident.com\/en\/wp-json\/wp\/v2\/pages\/2929\/revisions\/2933"}],"wp:attachment":[{"href":"https:\/\/maksident.com\/en\/wp-json\/wp\/v2\/media?parent=2929"}],"curies":[{"name":"wp","href":"https:\/\/api.w.org\/{rel}","templated":true}]}}